{"id":1472,"date":"2019-04-08T13:28:51","date_gmt":"2019-04-08T11:28:51","guid":{"rendered":"https:\/\/amalhamburg.de\/impressum-fa\/"},"modified":"2025-01-21T18:12:02","modified_gmt":"2025-01-21T17:12:02","slug":"impressum","status":"publish","type":"page","link":"https:\/\/amalhamburg.de\/fa\/impressum\/","title":{"rendered":"\u0645\u0634\u062e\u0635\u0627\u062a \u0646\u0627\u0634\u0631"},"content":{"rendered":"<p><strong>Impressum<\/strong><\/p>\n<p>Amal, Berlin! ist ein Portal der Amal News gGmbH. Die Amal News gGmbH wurde 2025 als Tochtergesellschaft des Gemeinschaftswerkes der evangelischen Publizistik GEP gGmbH gegr\u00fcndet.<\/p>\n<p>Amal, Berlin! ist 2016 als Projekt der Evangelischen Journalistenschule entstanden. Es geh\u00f6rte 2022-2024 zur Abteilung Digitales des Gemeinschaftswerks der Evangelischen Publizistik GEP gGmbH.<\/p>\n<p>Die Amal News gGmbH ist eine gemeinn\u00fctzige Mediengesellschaft. Sie wird unterst\u00fctzt von der CRESPO-Foundation, der Sch\u00f6pflin-Stiftung, der Foundation Porticus, der Evangelischen Kirche im Rheinland, der Evangelischen Kirche in Berlin Brandenburg.<\/p>\n<p>Amal, Hamburg! und Amal, Frankfurt! geh\u00f6ren ebenfalls zur Amal News gGmbH. Amal Frankfurt wird unterst\u00fctzt vom Hessischen Ministerium f\u00fcr Arbeit und Soziales.<\/p>\n<p>Amal News gGmbH<br \/>\nEmil-von-Behring-Stra\u00dfe 3<br \/>\n60439 Frankfurt am Main<\/p>\n<p>USt: 01425503994<\/p>\n<p>Gesch\u00e4ftsf\u00fchrung: Julia und Cornelia Gerlach<\/p>\n<p>v.i.s.d.p.: <a href=\"cornelia.gerlach@amalberlin.de\">Cornelia Gerlach<\/a>, Amal, Berlin!<\/p>\n<p>&nbsp;<\/p>\n<p><strong>Design: <\/strong><a href=\"https:\/\/olivierguillard.dev\/\">Olivier Guillard<\/a><\/p>\n<p><strong>HAFTUNG:<\/strong><strong><br \/>\nTrotz sorgf\u00e4ltiger inhaltlicher Kontrolle \u00fcbernehmen wir keine Haftung f\u00fcr die Inhalte externer Links. F\u00fcr den Inhalt der verlinkten Seiten sind ausschlie\u00dflich deren Betreiber verantwortlich.<\/strong><\/p>\n<p>&nbsp;<\/p>\n","protected":false},"excerpt":{"rendered":"<p>Impressum Amal, Berlin! ist ein Portal der Amal News gGmbH. Die Amal News gGmbH wurde 2025 als Tochtergesellschaft des Gemeinschaftswerkes der evangelischen Publizistik GEP gGmbH gegr\u00fcndet. Amal, Berlin! ist 2016 als Projekt der Evangelischen Journalistenschule entstanden. Es geh\u00f6rte 2022-2024 zur Abteilung Digitales des Gemeinschaftswerks der Evangelischen Publizistik GEP gGmbH. Die Amal News gGmbH ist eine&#8230;  <a class=\"excerpt-read-more\" href=\"https:\/\/amalhamburg.de\/fa\/impressum\/\" title=\"Read \u0645\u0634\u062e\u0635\u0627\u062a \u0646\u0627\u0634\u0631\">Read more &raquo;<\/a><\/p>\n","protected":false},"author":13,"featured_media":54185,"parent":0,"menu_order":0,"comment_status":"closed","ping_status":"closed","template":"","meta":{"_acf_changed":false,"footnotes":""},"class_list":["post-1472","page","type-page","status-publish","has-post-thumbnail","hentry"],"acf":[],"yoast_head":"<!-- This site is optimized with the Yoast SEO plugin v27.4 - https:\/\/yoast.com\/product\/yoast-seo-wordpress\/ -->\n<title>\u0645\u0634\u062e\u0635\u0627\u062a \u0646\u0627\u0634\u0631 - Amal, Hamburg!<\/title>\n<meta name=\"description\" content=\"\u0627\u062b\u0631 \u0627\u0645\u0644: \u0627\u0632 \u0646\u0638\u0631 \u0642\u0627\u0646\u0648\u0646 \u0645\u0637\u0628\u0648\u0639\u0627\u062a \u0645\u0633\u0626\u0648\u0644 \u0627\u0633\u062a. \u062d\u0627\u0645\u0644 \u0627\u0645\u0644 \u0648 \u0622\u062f\u0631\u0633 \u062d\u0627\u0645\u0644. \u062a\u0645\u0627\u0645 \u0627\u0637\u0644\u0627\u0639\u0627\u062a \u0645\u0647\u0645 \u0645\u0637\u0627\u0628\u0642 \u0642\u0627\u0646\u0648\u0646 \u0642\u0627\u0628\u0644 \u0627\u062c\u0631\u0627 \u0622\u0644\u0645\u0627\u0646.\" \/>\n<meta name=\"robots\" content=\"index, follow, max-snippet:-1, max-image-preview:large, max-video-preview:-1\" \/>\n<link rel=\"canonical\" href=\"https:\/\/amalhamburg.de\/fa\/impressum\/\" \/>\n<meta property=\"og:locale\" content=\"fa_IR\" \/>\n<meta property=\"og:type\" content=\"article\" \/>\n<meta property=\"og:title\" content=\"\u0645\u0634\u062e\u0635\u0627\u062a \u0646\u0627\u0634\u0631 - Amal, Hamburg!\" \/>\n<meta property=\"og:description\" content=\"\u0627\u062b\u0631 \u0627\u0645\u0644: \u0627\u0632 \u0646\u0638\u0631 \u0642\u0627\u0646\u0648\u0646 \u0645\u0637\u0628\u0648\u0639\u0627\u062a \u0645\u0633\u0626\u0648\u0644 \u0627\u0633\u062a. \u062d\u0627\u0645\u0644 \u0627\u0645\u0644 \u0648 \u0622\u062f\u0631\u0633 \u062d\u0627\u0645\u0644. \u062a\u0645\u0627\u0645 \u0627\u0637\u0644\u0627\u0639\u0627\u062a \u0645\u0647\u0645 \u0645\u0637\u0627\u0628\u0642 \u0642\u0627\u0646\u0648\u0646 \u0642\u0627\u0628\u0644 \u0627\u062c\u0631\u0627 \u0622\u0644\u0645\u0627\u0646.\" \/>\n<meta property=\"og:url\" content=\"https:\/\/amalhamburg.de\/fa\/impressum\/\" \/>\n<meta property=\"og:site_name\" content=\"Amal, Hamburg!\" \/>\n<meta property=\"article:modified_time\" content=\"2025-01-21T17:12:02+00:00\" \/>\n<meta property=\"og:image\" content=\"https:\/\/amalhamburg.de\/wp-content\/uploads\/sites\/2\/2022\/04\/logo-gep.png\" \/>\n\t<meta property=\"og:image:width\" content=\"290\" \/>\n\t<meta property=\"og:image:height\" content=\"312\" \/>\n\t<meta property=\"og:image:type\" content=\"image\/png\" \/>\n<meta name=\"twitter:card\" content=\"summary_large_image\" \/>\n<meta name=\"twitter:label1\" content=\"\u0632\u0645\u0627\u0646 \u062a\u0642\u0631\u06cc\u0628\u06cc \u0628\u0631\u0627\u06cc \u062e\u0648\u0627\u0646\u062f\u0646\" \/>\n\t<meta name=\"twitter:data1\" content=\"2 \u062f\u0642\u06cc\u0642\u0647\" \/>\n<script type=\"application\/ld+json\" class=\"yoast-schema-graph\">{\"@context\":\"https:\\\/\\\/schema.org\",\"@graph\":[{\"@type\":\"WebPage\",\"@id\":\"https:\\\/\\\/amalhamburg.de\\\/fa\\\/impressum\\\/\",\"url\":\"https:\\\/\\\/amalhamburg.de\\\/fa\\\/impressum\\\/\",\"name\":\"\u0645\u0634\u062e\u0635\u0627\u062a \u0646\u0627\u0634\u0631 - Amal, Hamburg!\",\"isPartOf\":{\"@id\":\"https:\\\/\\\/amalhamburg.de\\\/fa\\\/#website\"},\"primaryImageOfPage\":{\"@id\":\"https:\\\/\\\/amalhamburg.de\\\/fa\\\/impressum\\\/#primaryimage\"},\"image\":{\"@id\":\"https:\\\/\\\/amalhamburg.de\\\/fa\\\/impressum\\\/#primaryimage\"},\"thumbnailUrl\":\"https:\\\/\\\/amalhamburg.de\\\/wp-content\\\/uploads\\\/sites\\\/2\\\/2022\\\/04\\\/logo-gep.png\",\"datePublished\":\"2019-04-08T11:28:51+00:00\",\"dateModified\":\"2025-01-21T17:12:02+00:00\",\"description\":\"\u0627\u062b\u0631 \u0627\u0645\u0644: \u0627\u0632 \u0646\u0638\u0631 \u0642\u0627\u0646\u0648\u0646 \u0645\u0637\u0628\u0648\u0639\u0627\u062a \u0645\u0633\u0626\u0648\u0644 \u0627\u0633\u062a. \u062d\u0627\u0645\u0644 \u0627\u0645\u0644 \u0648 \u0622\u062f\u0631\u0633 \u062d\u0627\u0645\u0644. \u062a\u0645\u0627\u0645 \u0627\u0637\u0644\u0627\u0639\u0627\u062a \u0645\u0647\u0645 \u0645\u0637\u0627\u0628\u0642 \u0642\u0627\u0646\u0648\u0646 \u0642\u0627\u0628\u0644 \u0627\u062c\u0631\u0627 \u0622\u0644\u0645\u0627\u0646.\",\"breadcrumb\":{\"@id\":\"https:\\\/\\\/amalhamburg.de\\\/fa\\\/impressum\\\/#breadcrumb\"},\"inLanguage\":\"fa-IR\",\"potentialAction\":[{\"@type\":\"ReadAction\",\"target\":[\"https:\\\/\\\/amalhamburg.de\\\/fa\\\/impressum\\\/\"]}]},{\"@type\":\"ImageObject\",\"inLanguage\":\"fa-IR\",\"@id\":\"https:\\\/\\\/amalhamburg.de\\\/fa\\\/impressum\\\/#primaryimage\",\"url\":\"https:\\\/\\\/amalhamburg.de\\\/wp-content\\\/uploads\\\/sites\\\/2\\\/2022\\\/04\\\/logo-gep.png\",\"contentUrl\":\"https:\\\/\\\/amalhamburg.de\\\/wp-content\\\/uploads\\\/sites\\\/2\\\/2022\\\/04\\\/logo-gep.png\",\"width\":290,\"height\":312},{\"@type\":\"BreadcrumbList\",\"@id\":\"https:\\\/\\\/amalhamburg.de\\\/fa\\\/impressum\\\/#breadcrumb\",\"itemListElement\":[{\"@type\":\"ListItem\",\"position\":1,\"name\":\"Home\",\"item\":\"https:\\\/\\\/amalhamburg.de\\\/fa\\\/\"},{\"@type\":\"ListItem\",\"position\":2,\"name\":\"\u0645\u0634\u062e\u0635\u0627\u062a \u0646\u0627\u0634\u0631\"}]},{\"@type\":\"WebSite\",\"@id\":\"https:\\\/\\\/amalhamburg.de\\\/fa\\\/#website\",\"url\":\"https:\\\/\\\/amalhamburg.de\\\/fa\\\/\",\"name\":\"Amal, Hamburg!\",\"description\":\"\",\"potentialAction\":[{\"@type\":\"SearchAction\",\"target\":{\"@type\":\"EntryPoint\",\"urlTemplate\":\"https:\\\/\\\/amalhamburg.de\\\/fa\\\/?s={search_term_string}\"},\"query-input\":{\"@type\":\"PropertyValueSpecification\",\"valueRequired\":true,\"valueName\":\"search_term_string\"}}],\"inLanguage\":\"fa-IR\"}]}<\/script>\n<!-- \/ Yoast SEO plugin. -->","yoast_head_json":{"title":"\u0645\u0634\u062e\u0635\u0627\u062a \u0646\u0627\u0634\u0631 - Amal, Hamburg!","description":"\u0627\u062b\u0631 \u0627\u0645\u0644: \u0627\u0632 \u0646\u0638\u0631 \u0642\u0627\u0646\u0648\u0646 \u0645\u0637\u0628\u0648\u0639\u0627\u062a \u0645\u0633\u0626\u0648\u0644 \u0627\u0633\u062a. \u062d\u0627\u0645\u0644 \u0627\u0645\u0644 \u0648 \u0622\u062f\u0631\u0633 \u062d\u0627\u0645\u0644. \u062a\u0645\u0627\u0645 \u0627\u0637\u0644\u0627\u0639\u0627\u062a \u0645\u0647\u0645 \u0645\u0637\u0627\u0628\u0642 \u0642\u0627\u0646\u0648\u0646 \u0642\u0627\u0628\u0644 \u0627\u062c\u0631\u0627 \u0622\u0644\u0645\u0627\u0646.","robots":{"index":"index","follow":"follow","max-snippet":"max-snippet:-1","max-image-preview":"max-image-preview:large","max-video-preview":"max-video-preview:-1"},"canonical":"https:\/\/amalhamburg.de\/fa\/impressum\/","og_locale":"fa_IR","og_type":"article","og_title":"\u0645\u0634\u062e\u0635\u0627\u062a \u0646\u0627\u0634\u0631 - Amal, Hamburg!","og_description":"\u0627\u062b\u0631 \u0627\u0645\u0644: \u0627\u0632 \u0646\u0638\u0631 \u0642\u0627\u0646\u0648\u0646 \u0645\u0637\u0628\u0648\u0639\u0627\u062a \u0645\u0633\u0626\u0648\u0644 \u0627\u0633\u062a. \u062d\u0627\u0645\u0644 \u0627\u0645\u0644 \u0648 \u0622\u062f\u0631\u0633 \u062d\u0627\u0645\u0644. \u062a\u0645\u0627\u0645 \u0627\u0637\u0644\u0627\u0639\u0627\u062a \u0645\u0647\u0645 \u0645\u0637\u0627\u0628\u0642 \u0642\u0627\u0646\u0648\u0646 \u0642\u0627\u0628\u0644 \u0627\u062c\u0631\u0627 \u0622\u0644\u0645\u0627\u0646.","og_url":"https:\/\/amalhamburg.de\/fa\/impressum\/","og_site_name":"Amal, Hamburg!","article_modified_time":"2025-01-21T17:12:02+00:00","og_image":[{"width":290,"height":312,"url":"https:\/\/amalhamburg.de\/wp-content\/uploads\/sites\/2\/2022\/04\/logo-gep.png","type":"image\/png"}],"twitter_card":"summary_large_image","twitter_misc":{"\u0632\u0645\u0627\u0646 \u062a\u0642\u0631\u06cc\u0628\u06cc \u0628\u0631\u0627\u06cc \u062e\u0648\u0627\u0646\u062f\u0646":"2 \u062f\u0642\u06cc\u0642\u0647"},"schema":{"@context":"https:\/\/schema.org","@graph":[{"@type":"WebPage","@id":"https:\/\/amalhamburg.de\/fa\/impressum\/","url":"https:\/\/amalhamburg.de\/fa\/impressum\/","name":"\u0645\u0634\u062e\u0635\u0627\u062a \u0646\u0627\u0634\u0631 - Amal, Hamburg!","isPartOf":{"@id":"https:\/\/amalhamburg.de\/fa\/#website"},"primaryImageOfPage":{"@id":"https:\/\/amalhamburg.de\/fa\/impressum\/#primaryimage"},"image":{"@id":"https:\/\/amalhamburg.de\/fa\/impressum\/#primaryimage"},"thumbnailUrl":"https:\/\/amalhamburg.de\/wp-content\/uploads\/sites\/2\/2022\/04\/logo-gep.png","datePublished":"2019-04-08T11:28:51+00:00","dateModified":"2025-01-21T17:12:02+00:00","description":"\u0627\u062b\u0631 \u0627\u0645\u0644: \u0627\u0632 \u0646\u0638\u0631 \u0642\u0627\u0646\u0648\u0646 \u0645\u0637\u0628\u0648\u0639\u0627\u062a \u0645\u0633\u0626\u0648\u0644 \u0627\u0633\u062a. \u062d\u0627\u0645\u0644 \u0627\u0645\u0644 \u0648 \u0622\u062f\u0631\u0633 \u062d\u0627\u0645\u0644. \u062a\u0645\u0627\u0645 \u0627\u0637\u0644\u0627\u0639\u0627\u062a \u0645\u0647\u0645 \u0645\u0637\u0627\u0628\u0642 \u0642\u0627\u0646\u0648\u0646 \u0642\u0627\u0628\u0644 \u0627\u062c\u0631\u0627 \u0622\u0644\u0645\u0627\u0646.","breadcrumb":{"@id":"https:\/\/amalhamburg.de\/fa\/impressum\/#breadcrumb"},"inLanguage":"fa-IR","potentialAction":[{"@type":"ReadAction","target":["https:\/\/amalhamburg.de\/fa\/impressum\/"]}]},{"@type":"ImageObject","inLanguage":"fa-IR","@id":"https:\/\/amalhamburg.de\/fa\/impressum\/#primaryimage","url":"https:\/\/amalhamburg.de\/wp-content\/uploads\/sites\/2\/2022\/04\/logo-gep.png","contentUrl":"https:\/\/amalhamburg.de\/wp-content\/uploads\/sites\/2\/2022\/04\/logo-gep.png","width":290,"height":312},{"@type":"BreadcrumbList","@id":"https:\/\/amalhamburg.de\/fa\/impressum\/#breadcrumb","itemListElement":[{"@type":"ListItem","position":1,"name":"Home","item":"https:\/\/amalhamburg.de\/fa\/"},{"@type":"ListItem","position":2,"name":"\u0645\u0634\u062e\u0635\u0627\u062a \u0646\u0627\u0634\u0631"}]},{"@type":"WebSite","@id":"https:\/\/amalhamburg.de\/fa\/#website","url":"https:\/\/amalhamburg.de\/fa\/","name":"Amal, Hamburg!","description":"","potentialAction":[{"@type":"SearchAction","target":{"@type":"EntryPoint","urlTemplate":"https:\/\/amalhamburg.de\/fa\/?s={search_term_string}"},"query-input":{"@type":"PropertyValueSpecification","valueRequired":true,"valueName":"search_term_string"}}],"inLanguage":"fa-IR"}]}},"_links":{"self":[{"href":"https:\/\/amalhamburg.de\/fa\/wp-json\/wp\/v2\/pages\/1472","targetHints":{"allow":["GET"]}}],"collection":[{"href":"https:\/\/amalhamburg.de\/fa\/wp-json\/wp\/v2\/pages"}],"about":[{"href":"https:\/\/amalhamburg.de\/fa\/wp-json\/wp\/v2\/types\/page"}],"author":[{"embeddable":true,"href":"https:\/\/amalhamburg.de\/fa\/wp-json\/wp\/v2\/users\/13"}],"replies":[{"embeddable":true,"href":"https:\/\/amalhamburg.de\/fa\/wp-json\/wp\/v2\/comments?post=1472"}],"version-history":[{"count":11,"href":"https:\/\/amalhamburg.de\/fa\/wp-json\/wp\/v2\/pages\/1472\/revisions"}],"predecessor-version":[{"id":111154,"href":"https:\/\/amalhamburg.de\/fa\/wp-json\/wp\/v2\/pages\/1472\/revisions\/111154"}],"wp:featuredmedia":[{"embeddable":true,"href":"https:\/\/amalhamburg.de\/fa\/wp-json\/wp\/v2\/media\/54185"}],"wp:attachment":[{"href":"https:\/\/amalhamburg.de\/fa\/wp-json\/wp\/v2\/media?parent=1472"}],"curies":[{"name":"wp","href":"https:\/\/api.w.org\/{rel}","templated":true}]}}